{"id":122,"date":"2023-09-02T02:54:29","date_gmt":"2023-09-02T00:54:29","guid":{"rendered":"https:\/\/veronicagutierrez.com.mx\/?page_id=122"},"modified":"2023-10-18T05:01:17","modified_gmt":"2023-10-18T03:01:17","slug":"aviso-de-privacidad","status":"publish","type":"page","link":"https:\/\/veronicagutierrez.com.mx\/en\/aviso-de-privacidad\/","title":{"rendered":"Privacy Policy"},"content":{"rendered":"<div class=\"wpb-content-wrapper\"><div class=\"vc_row wpb_row vc_row-fluid\"><div class=\"wpb_column vc_column_container vc_col-sm-12\"><div class=\"vc_column-inner\"><div class=\"wpb_wrapper\">\n\t<div class=\"wpb_text_column wpb_content_element vc_custom_1697598052665\" >\n\t\t<div class=\"wpb_wrapper\">\n\t\t\t<h1><span style=\"color: #6b80ff;\"><b>PRIVACY POLICY<\/b><\/span><\/h1>\n<p>De conformidad con lo establecido en la Ley Federal de Protecci\u00f3n de Datos Personales en Posesi\u00f3n de los Particulares, la Dra. Veronica Guti\u00e9rrez Garc\u00eda pone a su disposici\u00f3n el siguiente aviso de privacidad.<\/p>\n<p>La Dra. Veronica Guti\u00e9rrez Garc\u00eda es responsable del uso y protecci\u00f3n de sus datos personales, en este sentido y atendiendo las obligaciones legales establecidas en la Ley Federal de Protecci\u00f3n de Datos Personales en Posesi\u00f3n de los Particulares, a trav\u00e9s de este instrumento se informa a los titulares de los datos, la informaci\u00f3n que de ellos se recaba y los fines que se le dar\u00e1n a dicha informaci\u00f3n.<\/p>\n<p>Adem\u00e1s de lo anterior, informamos a usted que la Dra. Veronica Guti\u00e9rrez Garcia tiene su domicilio ubicado en Hospital \u00c1ngel del Pedregal camino a Santa Teresa n\u00famero 1055 interior 672, torre de especialidades quir\u00fargicas sexto piso C.P. 10700<\/p>\n<p>Los datos personales que recabamos de usted ser\u00e1n utilizados para las siguientes finalidades, las cuales son necesarias para concretar nuestra relaci\u00f3n con usted, as\u00ed como atender los servicios y\/o pedidos que solicite.<\/p>\n<p>Para llevar a cabo las finalidades descritas en el presente aviso de privacidad, utilizaremos los siguientes datos personales:<\/p>\n<ul>\n<li>Name<\/li>\n<li>Domicilio<\/li>\n<li>Tel\u00e9fono part\u00edcula y celular<\/li>\n<li>(Los que usted considere importantes para realizar dicha operaci\u00f3n)<\/li>\n<\/ul>\n<p>Por otra parte, informamos a usted, que sus datos personales no ser\u00e1n compartidos con ninguna autoridad, empresa, organizaci\u00f3n o persona distintas a nosotros y ser\u00e1n utilizados exclusivamente para los fines se\u00f1alados.<\/p>\n<p>Usted tiene en todo momento el derecho a conocer qu\u00e9 datos personales tenemos de usted, para qu\u00e9 los utilizamos y las condiciones del uso que les damos (Acceso). Asimismo, es su derecho solicitar al correcci\u00f3n de su informaci\u00f3n personal en caso de que est\u00e9 desactualizada, sea inexacta o incompleta (Rectificaci\u00f3n); de igual manera, tiene derecho a que su informaci\u00f3n se elimine de nuestros registros o bases de datos cuando considere que la misma no est\u00e1 siendo utilizada adecuadamente (Cancelaci\u00f3n); as\u00ed como tambi\u00e9n a oponerse al uso de sus datos personales para fines espec\u00edficos (Oposici\u00f3n). Estos derechos se conocen como derechos ARCO.<\/p>\n<p>Para el ejercicio de cualquiera de los derechos ARCO, se deber\u00e1 presentar la solicitud respectiva atrav\u00e9s de los formatos que estar\u00e1n asu disposici\u00f3n en doctora@veronicagutierrez.com.mx.<\/p>\n<p>Lo anterior tambi\u00e9n servir\u00e1 para conocer el procedimiento y requisitos para el ejercicio de los derechos ARCO.<\/p>\n<p>En todo caso la respuesta a la solicitud se dar\u00e1 de manera particular al solicitante.<\/p>\n<p>Los datos de contacto de al persona o departamento de datos personales, que est\u00e1 a cargo de dar tr\u00e1mite a las solicitudes de derechos ARCO, son los siguientes:<\/p>\n<p style=\"padding-left: 40px;\">a) Nombre del responsable: Veronica Guti\u00e9rrez Garc\u00eda.<br \/>\nb) Domicilio: Hospital \u00c1ngel del Pedregal camino a Santa Teresa n\u00famero 1055 interior 672, torre de especialidades quir\u00fargicas sexto piso C.P. 10700<br \/>\nc) Tel\u00e9fono: 25597600<\/p>\n<p>Cabe mencionar, que en cualquier momento usted puede revocar su consentimiento para el uso de sus datos personales. Del mismo modo, usted puede revocar el consentimiento que, en su caso, nos haya otorgado para el tratamiento de sus datos personales. Sin embargo, es importante que tenga en cuenta que no en todos los casos podremos atender su solicitud o concluir el uso de forma inmediata, ya que es posible que por alguna obligaci\u00f3n legal es requiera seguir tratando sus datos personales. Asimismo, usted deber\u00e1 considerar que para ciertos fines, al revocaci\u00f3n de su\u00a0consentimiento implicar\u00e1 que no podamos seguir prestando el servicio que nos solicit\u00f3, oal conclusi\u00f3n de su relaci\u00f3n con nosotros.<\/p>\n<p>Para revocar el consentimiento que usted otorga en este acto o para limitar su divulgaci\u00f3n, se deber\u00e1 presentar al solicitud respectiva a trav\u00e9s de los formatos que estar\u00e1n a su disposici\u00f3n en el domicilio de al persona f\u00edsica que estar\u00e1 a cargo desde seguridad de los datos personales recabados.<\/p>\n<p>Del mismo modo, podr\u00e1 solicitar al informaci\u00f3n para conocer el procedimiento yrequisitos para al revocaci\u00f3n del consentimiento, as\u00ed como limitar el uso y divulgaci\u00f3n de su informaci\u00f3n personal.<br \/>\nEn cualquier caso, al respuesta a las peticiones se dar\u00e1 a conocer en un plazo de 24 horas.<br \/>\nEl presente aviso de privacidad puede sufrir modificaciones, cambios o actualizaciones derivadas de nuevos requerimientos legales; de nuestras propias necesidades por los productos o servicios que ofrecemos; de nuestras pr\u00e1cticas de privacidad; de cambios en nuestro modelo de negocio, o por otras causas, por lo cual, nos comprometemos a mantenerlo informado sobre los cambios que pueda sufrir el presente aviso de privacidad, sin embargo, usted puede solicitar informaci\u00f3n sobre si el mismo ha sufrido alg\u00fan cambio a trav\u00e9s de la siguiente direcci\u00f3n electr\u00f3nica doctora@veronicagutierrez.com.mx.<\/p>\n\n\t\t<\/div>\n\t<\/div>\n<\/div><\/div><\/div><\/div><div class=\"vc_row wpb_row vc_row-fluid vc_custom_1693671231438 vc_row-o-content-middle vc_row-flex\"><div class=\"wpb_column vc_column_container vc_col-sm-4\"><div class=\"vc_column-inner\"><div class=\"wpb_wrapper\"><div class=\"vc_empty_space\"   style=\"height: 32px\"><span class=\"vc_empty_space_inner\"><\/span><\/div>\n\t<div  class=\"wpb_single_image wpb_content_element vc_align_center wpb_animate_when_almost_visible wpb_left-to-right left-to-right\">\n\t\t\n\t\t<figure class=\"wpb_wrapper vc_figure\">\n\t\t\t<div class=\"vc_single_image-wrapper   vc_box_border_grey\"><img loading=\"lazy\" decoding=\"async\" width=\"137\" height=\"108\" src=\"https:\/\/veronicagutierrez.com.mx\/wp-content\/uploads\/2023\/09\/Recurso-12.png\" class=\"vc_single_image-img attachment-full\" alt=\"\" title=\"Recurso 12\" \/><\/div>\n\t\t<\/figure>\n\t<\/div>\n<div class=\"vc_empty_space\"   style=\"height: 32px\"><span class=\"vc_empty_space_inner\"><\/span><\/div><\/div><\/div><\/div><div class=\"wpb_column vc_column_container vc_col-sm-4\"><div class=\"vc_column-inner\"><div class=\"wpb_wrapper\">\n\t<div class=\"wpb_text_column wpb_content_element\" >\n\t\t<div class=\"wpb_wrapper\">\n\t\t\t<h1 style=\"text-align: center;\"><span style=\"color: #6b80ff;\"><strong><em>Your Best You<\/em><\/strong><\/span><\/h1>\n\n\t\t<\/div>\n\t<\/div>\n<div class=\"vc_empty_space\"   style=\"height: 32px\"><span class=\"vc_empty_space_inner\"><\/span><\/div><\/div><\/div><\/div><div class=\"wpb_column vc_column_container vc_col-sm-4\"><div class=\"vc_column-inner\"><div class=\"wpb_wrapper\"><\/div><\/div><\/div><\/div>\n<\/div>","protected":false},"excerpt":{"rendered":"AVISO DE PRIVACIDAD De conformidad con lo establecido en la Ley Federal de Protecci\u00f3n de Datos Personales en Posesi\u00f3n de","protected":false},"author":1,"featured_media":0,"parent":0,"menu_order":0,"comment_status":"closed","ping_status":"closed","template":"","meta":{"footnotes":""},"class_list":["post-122","page","type-page","status-publish","hentry"],"_hostinger_reach_plugin_has_subscription_block":false,"_hostinger_reach_plugin_is_elementor":false,"_links":{"self":[{"href":"https:\/\/veronicagutierrez.com.mx\/en\/wp-json\/wp\/v2\/pages\/122","targetHints":{"allow":["GET"]}}],"collection":[{"href":"https:\/\/veronicagutierrez.com.mx\/en\/wp-json\/wp\/v2\/pages"}],"about":[{"href":"https:\/\/veronicagutierrez.com.mx\/en\/wp-json\/wp\/v2\/types\/page"}],"author":[{"embeddable":true,"href":"https:\/\/veronicagutierrez.com.mx\/en\/wp-json\/wp\/v2\/users\/1"}],"replies":[{"embeddable":true,"href":"https:\/\/veronicagutierrez.com.mx\/en\/wp-json\/wp\/v2\/comments?post=122"}],"version-history":[{"count":12,"href":"https:\/\/veronicagutierrez.com.mx\/en\/wp-json\/wp\/v2\/pages\/122\/revisions"}],"predecessor-version":[{"id":125,"href":"https:\/\/veronicagutierrez.com.mx\/en\/wp-json\/wp\/v2\/pages\/122\/revisions\/125"}],"wp:attachment":[{"href":"https:\/\/veronicagutierrez.com.mx\/en\/wp-json\/wp\/v2\/media?parent=122"}],"curies":[{"name":"wp","href":"https:\/\/api.w.org\/{rel}","templated":true}]}}