{"id":163,"date":"2023-09-02T15:19:24","date_gmt":"2023-09-02T13:19:24","guid":{"rendered":"https:\/\/veronicagutierrez.com.mx\/?page_id=163"},"modified":"2026-01-29T22:58:14","modified_gmt":"2026-01-29T21:58:14","slug":"contacto","status":"publish","type":"page","link":"https:\/\/veronicagutierrez.com.mx\/en\/contacto\/","title":{"rendered":"Contact"},"content":{"rendered":"<div class=\"wpb-content-wrapper\"><div data-vc-full-width=\"true\" data-vc-full-width-init=\"false\" data-vc-stretch-content=\"true\" class=\"vc_row wpb_row vc_row-fluid vc_row-no-padding vc_row-o-equal-height vc_row-flex\"><div class=\"wpb_column vc_column_container vc_col-sm-12\"><div class=\"vc_column-inner\"><div class=\"wpb_wrapper\"><div class=\"vc_row wpb_row vc_inner vc_row-fluid vc_row-o-equal-height vc_row-o-content-middle vc_row-flex\"><div class=\"wpb_column vc_column_container vc_col-sm-6 vc_col-has-fill\"><div class=\"vc_column-inner vc_custom_1694800708401\"><div class=\"wpb_wrapper\">\n\t<div class=\"wpb_text_column wpb_content_element vc_custom_1769723880112\" >\n\t\t<div class=\"wpb_wrapper\">\n\t\t\t<h1><strong><span style=\"color: #6b80ff;\">Contact<\/span><\/strong><\/h1>\n<p><a href=\"https:\/\/maps.app.goo.gl\/DkKn4VA7N7WK9gjr5\"><strong data-start=\"117\" data-end=\"177\">Calle Boulevard Adolfo Ruiz Cortines No. 3332, Int. 1210<\/strong><\/a><br data-start=\"177\" data-end=\"180\" \/><strong data-start=\"180\" data-end=\"210\">Col. Jardines del Pedregal<\/strong><br data-start=\"210\" data-end=\"213\" \/><strong data-start=\"213\" data-end=\"240\" data-is-only-node=\"\">Alcald\u00eda \u00c1lvaro Obreg\u00f3n<\/strong><br data-start=\"240\" data-end=\"243\" \/><strong data-start=\"243\" data-end=\"257\">C.P. 01900<\/strong><br data-start=\"257\" data-end=\"260\" \/><strong data-start=\"260\" data-end=\"295\">Ciudad de M\u00e9xico (CDMX), M\u00e9xico<\/strong><\/p>\n\n\t\t<\/div>\n\t<\/div>\n\n\t<div  class=\"wpb_single_image wpb_content_element vc_align_left\">\n\t\t\n\t\t<figure class=\"wpb_wrapper vc_figure\">\n\t\t\t<div class=\"vc_single_image-wrapper   vc_box_border_grey\"><img loading=\"lazy\" decoding=\"async\" width=\"1200\" height=\"800\" src=\"https:\/\/veronicagutierrez.com.mx\/wp-content\/uploads\/2023\/09\/30-1.jpg\" class=\"vc_single_image-img attachment-full\" alt=\"\" title=\"30 (1)\" srcset=\"https:\/\/veronicagutierrez.com.mx\/wp-content\/uploads\/2023\/09\/30-1.jpg 1200w, https:\/\/veronicagutierrez.com.mx\/wp-content\/uploads\/2023\/09\/30-1-300x200.jpg 300w, https:\/\/veronicagutierrez.com.mx\/wp-content\/uploads\/2023\/09\/30-1-1024x683.jpg 1024w, https:\/\/veronicagutierrez.com.mx\/wp-content\/uploads\/2023\/09\/30-1-768x512.jpg 768w, https:\/\/veronicagutierrez.com.mx\/wp-content\/uploads\/2023\/09\/30-1-18x12.jpg 18w, https:\/\/veronicagutierrez.com.mx\/wp-content\/uploads\/2023\/09\/30-1-600x400.jpg 600w\" sizes=\"auto, (max-width: 1200px) 100vw, 1200px\" \/><\/div>\n\t\t<\/figure>\n\t<\/div>\n<\/div><\/div><\/div><div class=\"wpb_column vc_column_container vc_col-sm-6 vc_col-has-fill\"><div class=\"vc_column-inner vc_custom_1727118037553\"><div class=\"wpb_wrapper\"><\/div><\/div><\/div><\/div><\/div><\/div><\/div><\/div><div class=\"vc_row-full-width vc_clearfix\"><\/div><div class=\"vc_row wpb_row vc_row-fluid vc_custom_1693671231438 vc_row-o-content-middle vc_row-flex\"><div class=\"wpb_column vc_column_container vc_col-sm-4\"><div class=\"vc_column-inner\"><div class=\"wpb_wrapper\"><div class=\"vc_empty_space\"   style=\"height: 32px\"><span class=\"vc_empty_space_inner\"><\/span><\/div>\n\t<div  class=\"wpb_single_image wpb_content_element vc_align_center wpb_animate_when_almost_visible wpb_left-to-right left-to-right\">\n\t\t\n\t\t<figure class=\"wpb_wrapper vc_figure\">\n\t\t\t<div class=\"vc_single_image-wrapper   vc_box_border_grey\"><img loading=\"lazy\" decoding=\"async\" width=\"137\" height=\"108\" src=\"https:\/\/veronicagutierrez.com.mx\/wp-content\/uploads\/2023\/09\/Recurso-12.png\" class=\"vc_single_image-img attachment-full\" alt=\"\" title=\"Recurso 12\" \/><\/div>\n\t\t<\/figure>\n\t<\/div>\n<div class=\"vc_empty_space\"   style=\"height: 32px\"><span class=\"vc_empty_space_inner\"><\/span><\/div><\/div><\/div><\/div><div class=\"wpb_column vc_column_container vc_col-sm-4\"><div class=\"vc_column-inner\"><div class=\"wpb_wrapper\">\n\t<div class=\"wpb_text_column wpb_content_element\" >\n\t\t<div class=\"wpb_wrapper\">\n\t\t\t<h1 style=\"text-align: center;\"><span style=\"color: #6b80ff;\"><strong><em>Your Best You<\/em><\/strong><\/span><\/h1>\n\n\t\t<\/div>\n\t<\/div>\n<div class=\"vc_empty_space\"   style=\"height: 32px\"><span class=\"vc_empty_space_inner\"><\/span><\/div><\/div><\/div><\/div><div class=\"wpb_column vc_column_container vc_col-sm-4\"><div class=\"vc_column-inner\"><div class=\"wpb_wrapper\"><\/div><\/div><\/div><\/div>\n<\/div>","protected":false},"excerpt":{"rendered":"Contacto Calle Boulevard Adolfo Ruiz Cortines No. 3332, Int. 1210Col. Jardines del PedregalAlcald\u00eda \u00c1lvaro Obreg\u00f3nC.P. 01900Ciudad de M\u00e9xico (CDMX), M\u00e9xico","protected":false},"author":1,"featured_media":0,"parent":0,"menu_order":0,"comment_status":"closed","ping_status":"closed","template":"","meta":{"footnotes":""},"class_list":["post-163","page","type-page","status-publish","hentry"],"_hostinger_reach_plugin_has_subscription_block":false,"_hostinger_reach_plugin_is_elementor":false,"_links":{"self":[{"href":"https:\/\/veronicagutierrez.com.mx\/en\/wp-json\/wp\/v2\/pages\/163","targetHints":{"allow":["GET"]}}],"collection":[{"href":"https:\/\/veronicagutierrez.com.mx\/en\/wp-json\/wp\/v2\/pages"}],"about":[{"href":"https:\/\/veronicagutierrez.com.mx\/en\/wp-json\/wp\/v2\/types\/page"}],"author":[{"embeddable":true,"href":"https:\/\/veronicagutierrez.com.mx\/en\/wp-json\/wp\/v2\/users\/1"}],"replies":[{"embeddable":true,"href":"https:\/\/veronicagutierrez.com.mx\/en\/wp-json\/wp\/v2\/comments?post=163"}],"version-history":[{"count":26,"href":"https:\/\/veronicagutierrez.com.mx\/en\/wp-json\/wp\/v2\/pages\/163\/revisions"}],"predecessor-version":[{"id":519,"href":"https:\/\/veronicagutierrez.com.mx\/en\/wp-json\/wp\/v2\/pages\/163\/revisions\/519"}],"wp:attachment":[{"href":"https:\/\/veronicagutierrez.com.mx\/en\/wp-json\/wp\/v2\/media?parent=163"}],"curies":[{"name":"wp","href":"https:\/\/api.w.org\/{rel}","templated":true}]}}