{"id":97,"date":"2023-09-01T06:33:03","date_gmt":"2023-09-01T04:33:03","guid":{"rendered":"https:\/\/veronicagutierrez.com.mx\/?page_id=97"},"modified":"2023-10-18T05:20:01","modified_gmt":"2023-10-18T03:20:01","slug":"dra-veronica","status":"publish","type":"page","link":"https:\/\/veronicagutierrez.com.mx\/en\/dra-veronica\/","title":{"rendered":"Dr. Ver\u00f3nica"},"content":{"rendered":"<div class=\"wpb-content-wrapper\"><div data-vc-full-width=\"true\" data-vc-full-width-init=\"false\" data-vc-stretch-content=\"true\" class=\"vc_row wpb_row vc_row-fluid vc_custom_1694846011736 vc_row-has-fill vc_row-no-padding vc_row-o-equal-height vc_row-o-content-middle vc_row-flex\"><div class=\"wpb_column vc_column_container vc_col-sm-3\/5\"><div class=\"vc_column-inner vc_custom_1694739312162\"><div class=\"wpb_wrapper\">\n\t<div class=\"wpb_text_column wpb_content_element vc_custom_1694846326976\" >\n\t\t<div class=\"wpb_wrapper\">\n\t\t\t<h2>CURRICULUM VITAE<\/h2>\n<h1><strong><span style=\"color: #6b80ff;\">Dr. Ver\u00f3nica<\/span><\/strong><\/h1>\n\n\t\t<\/div>\n\t<\/div>\n\t\t\t<div id=\"carousel-771\" class=\"info-box-carousel-wrapper info-box-spacing-30  basel-spacing-30 info-box-per-view-1\"\" data-owl-carousel data-speed=\"9000\" data-wrap=\"yes\" data-autoplay=\"yes\" data-hide_prev_next_buttons=\"yes\" data-desktop=\"1\" data-desktop_small=\"1\" data-tablet=\"1\" data-mobile=\"1\">\n\t\t\t\t<div class=\"owl-carousel info-box-carousel\" >\n\t\t\t\t\t\t\t\t<div class=\"basel-info-box text-left icon-alignment-top box-style-base color-scheme-dark  with-animation\" onclick=\"\">\n\t\t\t\t\t\t\t\t<div class=\"info-box-content\">\n\t\t\t\t\t<div class=\"info-box-inner\">\n\t\t\t\t\t\t<p><b>Degree:\u00a0<\/b>School of Medicine,\u00a0<b>UNAM\u00a0 1989-1992<\/b><\/p>\n<p><b>Professional ID:\u00a0<\/b>\u00a02081233<\/p>\n<p><b>Postgraduate:<\/b>\u00a0Specialty in General Surgery, Manuel Gea Gonzalez Hospital 1998<\/p>\n<p><b>Cirug\u00eda Pl\u00e1stica Reconstructiva y Est\u00e9tica:<\/b>\u00a0Secretary of Health DDF 2001<\/p>\n<p><b>Specialist Certificate:<\/b>\u00a04255008<\/p>\n<p><b>Fellow Aesthetic Surgery:<\/b>\u00a0Hospital Angeles Pedregal 2002<\/p>\n\t\t\t\t\t<\/div>\n\t\t\t\t<\/div>\n\t\t\t<\/div>\n\t\t\t\t\t<div class=\"basel-info-box text-left icon-alignment-top box-style-base color-scheme-dark  with-animation\" onclick=\"\">\n\t\t\t\t\t\t\t\t<div class=\"info-box-content\">\n\t\t\t\t\t<div class=\"info-box-inner\">\n\t\t\t\t\t\t<p>\u00b7 Updated Certification in Reconstructive and Aesthetic Plastic Surgery 2001-2026<\/p>\n<p>\u00b7 Active member of the Mexican Association of Reconstructive Plastic Surgery and \u00b7 AMCPER Aesthetics<\/p>\n<p>\u00b7 Active member of the Ibero-American Federation of Plastic Surgery FILAC<\/p>\n<p>\u00b7 Active member of the International Society of Aesthetic Plastic Surgery ISAPS<\/p>\n<p>\u00b7 Active member of the American Society of Plastic Surgeons ASPS<\/p>\n<p>\u00b7 Office: Angeles del Pedregal Hospital Tower of Surgical Specialties<\/p>\n<p>\u00b7 Office 672 Camino a Santa Teresa 1055 interior 672 cp 10400 H\u00e9roes de Padierna; Magdalena Contreras DCMX<\/p>\n\t\t\t\t\t<\/div>\n\t\t\t\t<\/div>\n\t\t\t<\/div>\n\t\t\t\t\t\t<\/div>\n\t\t\t<\/div>\n\t\t<\/div><\/div><\/div><div class=\"wpb_column vc_column_container vc_col-sm-2\/5\"><div class=\"vc_column-inner\"><div class=\"wpb_wrapper\">\n\t<div  class=\"wpb_single_image wpb_content_element vc_align_left\">\n\t\t\n\t\t<figure class=\"wpb_wrapper vc_figure\">\n\t\t\t<div class=\"vc_single_image-wrapper   vc_box_border_grey\"><img loading=\"lazy\" decoding=\"async\" width=\"1200\" height=\"1152\" src=\"https:\/\/veronicagutierrez.com.mx\/wp-content\/uploads\/2023\/10\/CV-DRA-VERONICA-GUTIERREZ.png\" class=\"vc_single_image-img attachment-full\" alt=\"\" title=\"CV-DRA-VERONICA-GUTIERREZ\" srcset=\"https:\/\/veronicagutierrez.com.mx\/wp-content\/uploads\/2023\/10\/CV-DRA-VERONICA-GUTIERREZ.png 1200w, https:\/\/veronicagutierrez.com.mx\/wp-content\/uploads\/2023\/10\/CV-DRA-VERONICA-GUTIERREZ-300x288.png 300w, https:\/\/veronicagutierrez.com.mx\/wp-content\/uploads\/2023\/10\/CV-DRA-VERONICA-GUTIERREZ-1024x983.png 1024w, https:\/\/veronicagutierrez.com.mx\/wp-content\/uploads\/2023\/10\/CV-DRA-VERONICA-GUTIERREZ-768x737.png 768w, https:\/\/veronicagutierrez.com.mx\/wp-content\/uploads\/2023\/10\/CV-DRA-VERONICA-GUTIERREZ-13x12.png 13w, https:\/\/veronicagutierrez.com.mx\/wp-content\/uploads\/2023\/10\/CV-DRA-VERONICA-GUTIERREZ-600x576.png 600w\" sizes=\"auto, (max-width: 1200px) 100vw, 1200px\" \/><\/div>\n\t\t<\/figure>\n\t<\/div>\n<\/div><\/div><\/div><\/div><div class=\"vc_row-full-width vc_clearfix\"><\/div><div data-vc-full-width=\"true\" data-vc-full-width-init=\"false\" data-vc-stretch-content=\"true\" data-vc-parallax=\"1.5\" data-vc-parallax-image=\"https:\/\/veronicagutierrez.com.mx\/wp-content\/uploads\/2023\/09\/bg-dv-o.jpg\" class=\"vc_row wpb_row vc_row-fluid vc_custom_1694839418457 vc_row-has-fill vc_row-no-padding vc_row-o-equal-height vc_row-o-content-top vc_row-flex vc_general vc_parallax vc_parallax-content-moving row-reverse-mobile row-reverse-tablet\"><div class=\"wpb_column vc_column_container vc_col-sm-4 vc_col-has-fill\"><div class=\"vc_column-inner vc_custom_1694738185778\"><div class=\"wpb_wrapper\"><div class=\"wpb_images_carousel wpb_content_element vc_clearfix\">\n\t<div class=\"wpb_wrapper\">\n\t\t\t\t<div id=\"vc_images-carousel-1-1778075629\" class=\"vc_slide vc_images_carousel\">\n\n\t\t\t<!-- Wrapper for slides -->\n\t\t\t<div class=\"owl-carousel\">\n\t\t\t\t\t\t\t\t\t\t\t\t\t\t\t\t\t\t\t\t<div class=\"owl-carousel-item\">\n\t\t\t\t\t\t\t\t<div class=\"owl-carousel-item-inner\">\n\t\t\t\t\t\t\t\t\t\t\t\t\t\t\t\t\t\t\t<img loading=\"lazy\" decoding=\"async\" width=\"800\" height=\"1200\" src=\"https:\/\/veronicagutierrez.com.mx\/wp-content\/uploads\/2023\/09\/d02.jpg\" class=\"attachment-full\" alt=\"\" title=\"d02\" srcset=\"https:\/\/veronicagutierrez.com.mx\/wp-content\/uploads\/2023\/09\/d02.jpg 800w, https:\/\/veronicagutierrez.com.mx\/wp-content\/uploads\/2023\/09\/d02-200x300.jpg 200w, https:\/\/veronicagutierrez.com.mx\/wp-content\/uploads\/2023\/09\/d02-683x1024.jpg 683w, https:\/\/veronicagutierrez.com.mx\/wp-content\/uploads\/2023\/09\/d02-768x1152.jpg 768w, https:\/\/veronicagutierrez.com.mx\/wp-content\/uploads\/2023\/09\/d02-600x900.jpg 600w\" sizes=\"auto, (max-width: 800px) 100vw, 800px\" \/>\t\t\t\t\t\t\t\t\t\t\t\t\t\t\t\t\t<\/div>\n\t\t\t\t\t\t\t<\/div>\n\t\t\t\t\t\t\t\t\t\t\t\t\t\t\t\t\t\t\t\t<div class=\"owl-carousel-item\">\n\t\t\t\t\t\t\t\t<div class=\"owl-carousel-item-inner\">\n\t\t\t\t\t\t\t\t\t\t\t\t\t\t\t\t\t\t\t<img loading=\"lazy\" decoding=\"async\" width=\"800\" height=\"1200\" src=\"https:\/\/veronicagutierrez.com.mx\/wp-content\/uploads\/2023\/10\/GALERIA1-DRA-VERONICA-GUTIEEREZ.png\" class=\"attachment-full\" alt=\"\" title=\"GALERIA1-DRA-VERONICA-GUTIEEREZ\" srcset=\"https:\/\/veronicagutierrez.com.mx\/wp-content\/uploads\/2023\/10\/GALERIA1-DRA-VERONICA-GUTIEEREZ.png 800w, https:\/\/veronicagutierrez.com.mx\/wp-content\/uploads\/2023\/10\/GALERIA1-DRA-VERONICA-GUTIEEREZ-200x300.png 200w, https:\/\/veronicagutierrez.com.mx\/wp-content\/uploads\/2023\/10\/GALERIA1-DRA-VERONICA-GUTIEEREZ-683x1024.png 683w, https:\/\/veronicagutierrez.com.mx\/wp-content\/uploads\/2023\/10\/GALERIA1-DRA-VERONICA-GUTIEEREZ-768x1152.png 768w, https:\/\/veronicagutierrez.com.mx\/wp-content\/uploads\/2023\/10\/GALERIA1-DRA-VERONICA-GUTIEEREZ-8x12.png 8w, https:\/\/veronicagutierrez.com.mx\/wp-content\/uploads\/2023\/10\/GALERIA1-DRA-VERONICA-GUTIEEREZ-600x900.png 600w\" sizes=\"auto, (max-width: 800px) 100vw, 800px\" \/>\t\t\t\t\t\t\t\t\t\t\t\t\t\t\t\t\t<\/div>\n\t\t\t\t\t\t\t<\/div>\n\t\t\t\t\t\t\t\t\t\t\t\t\t\t\t\t\t\t\t\t<div class=\"owl-carousel-item\">\n\t\t\t\t\t\t\t\t<div class=\"owl-carousel-item-inner\">\n\t\t\t\t\t\t\t\t\t\t\t\t\t\t\t\t\t\t\t<img loading=\"lazy\" decoding=\"async\" width=\"800\" height=\"1200\" src=\"https:\/\/veronicagutierrez.com.mx\/wp-content\/uploads\/2023\/09\/d03.jpg\" class=\"attachment-full\" alt=\"\" title=\"d03\" srcset=\"https:\/\/veronicagutierrez.com.mx\/wp-content\/uploads\/2023\/09\/d03.jpg 800w, https:\/\/veronicagutierrez.com.mx\/wp-content\/uploads\/2023\/09\/d03-200x300.jpg 200w, https:\/\/veronicagutierrez.com.mx\/wp-content\/uploads\/2023\/09\/d03-683x1024.jpg 683w, https:\/\/veronicagutierrez.com.mx\/wp-content\/uploads\/2023\/09\/d03-768x1152.jpg 768w, https:\/\/veronicagutierrez.com.mx\/wp-content\/uploads\/2023\/09\/d03-600x900.jpg 600w\" sizes=\"auto, (max-width: 800px) 100vw, 800px\" \/>\t\t\t\t\t\t\t\t\t\t\t\t\t\t\t\t\t<\/div>\n\t\t\t\t\t\t\t<\/div>\n\t\t\t\t\t\t\t\t\t\t\t\t\t\t\t\t\t\t\t\t<div class=\"owl-carousel-item\">\n\t\t\t\t\t\t\t\t<div class=\"owl-carousel-item-inner\">\n\t\t\t\t\t\t\t\t\t\t\t\t\t\t\t\t\t\t\t<img loading=\"lazy\" decoding=\"async\" width=\"800\" height=\"1200\" src=\"https:\/\/veronicagutierrez.com.mx\/wp-content\/uploads\/2023\/10\/GALERIA3-DRA-VERONICA-GUTIEEREZ.png\" class=\"attachment-full\" alt=\"\" title=\"GALERIA3-DRA-VERONICA-GUTIEEREZ\" srcset=\"https:\/\/veronicagutierrez.com.mx\/wp-content\/uploads\/2023\/10\/GALERIA3-DRA-VERONICA-GUTIEEREZ.png 800w, https:\/\/veronicagutierrez.com.mx\/wp-content\/uploads\/2023\/10\/GALERIA3-DRA-VERONICA-GUTIEEREZ-200x300.png 200w, https:\/\/veronicagutierrez.com.mx\/wp-content\/uploads\/2023\/10\/GALERIA3-DRA-VERONICA-GUTIEEREZ-683x1024.png 683w, https:\/\/veronicagutierrez.com.mx\/wp-content\/uploads\/2023\/10\/GALERIA3-DRA-VERONICA-GUTIEEREZ-768x1152.png 768w, https:\/\/veronicagutierrez.com.mx\/wp-content\/uploads\/2023\/10\/GALERIA3-DRA-VERONICA-GUTIEEREZ-8x12.png 8w, https:\/\/veronicagutierrez.com.mx\/wp-content\/uploads\/2023\/10\/GALERIA3-DRA-VERONICA-GUTIEEREZ-600x900.png 600w\" sizes=\"auto, (max-width: 800px) 100vw, 800px\" \/>\t\t\t\t\t\t\t\t\t\t\t\t\t\t\t\t\t<\/div>\n\t\t\t\t\t\t\t<\/div>\n\t\t\t\t\t\t\t\t\t<\/div>\n\t\t<\/div>\n\t<\/div>\n<\/div>\n\n<\/div><\/div><\/div><div class=\"wpb_column vc_column_container vc_col-sm-8\"><div class=\"vc_column-inner\"><div class=\"wpb_wrapper\">\n\t<div class=\"wpb_text_column wpb_content_element vc_custom_1694846358212\" >\n\t\t<div class=\"wpb_wrapper\">\n\t\t\t<p><span style=\"font-weight: 400; color: #ffffff;\">I am a <strong>certified professional<\/strong> and <strong>passionate<\/strong> for my work. In constant updating, I have the necessary experience and knowledge, as well as the technological and professional tools to achieve a better <strong>quality of life<\/strong> for my patients. <strong>Expert in plastic surgery and anti-aging medicine<\/strong>. I look in awe at the human body and see its potential to improve people's appearance and confidence.<\/span><\/p>\n<p><span style=\"font-weight: 400; color: #ffffff;\">Every step of the way, I find great satisfaction in helping and guiding my patients. From providing them with a nutritional guide to advising them on exercises, my goal is to motivate them to leave bad habits behind and transform into the best version of themselves: natural, fresh, elegant and rejuvenated.<br \/>\n<strong>For me, the well-being of my patients is paramount<\/strong>.<\/span><\/p>\n<p><span style=\"font-weight: 400; color: #ffffff;\">My main motivation is to provide <strong>quality treatments<\/strong> and <strong>effective solutions<\/strong> through procedures based on the latest trends in plastic surgery. With my motivation and <strong>PERSONAL AND PROFESSIONAL passion<\/strong>, aware of your beauty and perfection of your being in your body, together with your expectations, we seek to improve your life through Plastic Surgery, using <strong>cutting-edge technology<\/strong>. By coming with me, together we will have the possibility of transforming you, achieving <em><strong>YOUR BEST YOU<\/strong><\/em>.<\/span><\/p>\n\n\t\t<\/div>\n\t<\/div>\n<\/div><\/div><\/div><\/div><div class=\"vc_row-full-width vc_clearfix\"><\/div><div class=\"vc_row wpb_row vc_row-fluid vc_custom_1693671231438 vc_row-o-content-middle vc_row-flex\"><div class=\"wpb_column vc_column_container vc_col-sm-4\"><div class=\"vc_column-inner\"><div class=\"wpb_wrapper\"><div class=\"vc_empty_space\"   style=\"height: 32px\"><span class=\"vc_empty_space_inner\"><\/span><\/div>\n\t<div  class=\"wpb_single_image wpb_content_element vc_align_center wpb_animate_when_almost_visible wpb_left-to-right left-to-right\">\n\t\t\n\t\t<figure class=\"wpb_wrapper vc_figure\">\n\t\t\t<div class=\"vc_single_image-wrapper   vc_box_border_grey\"><img loading=\"lazy\" decoding=\"async\" width=\"137\" height=\"108\" src=\"https:\/\/veronicagutierrez.com.mx\/wp-content\/uploads\/2023\/09\/Recurso-12.png\" class=\"vc_single_image-img attachment-full\" alt=\"\" title=\"Recurso 12\" \/><\/div>\n\t\t<\/figure>\n\t<\/div>\n<div class=\"vc_empty_space\"   style=\"height: 32px\"><span class=\"vc_empty_space_inner\"><\/span><\/div><\/div><\/div><\/div><div class=\"wpb_column vc_column_container vc_col-sm-4\"><div class=\"vc_column-inner\"><div class=\"wpb_wrapper\">\n\t<div class=\"wpb_text_column wpb_content_element\" >\n\t\t<div class=\"wpb_wrapper\">\n\t\t\t<h1 style=\"text-align: center;\"><span style=\"color: #6b80ff;\"><strong><em>Your Best You<\/em><\/strong><\/span><\/h1>\n\n\t\t<\/div>\n\t<\/div>\n<div class=\"vc_empty_space\"   style=\"height: 32px\"><span class=\"vc_empty_space_inner\"><\/span><\/div><\/div><\/div><\/div><div class=\"wpb_column vc_column_container vc_col-sm-4\"><div class=\"vc_column-inner\"><div class=\"wpb_wrapper\"><\/div><\/div><\/div><\/div>\n<\/div>","protected":false},"excerpt":{"rendered":"CURRICULUM VITAE Dra. Ver\u00f3nica","protected":false},"author":1,"featured_media":0,"parent":0,"menu_order":0,"comment_status":"closed","ping_status":"closed","template":"","meta":{"footnotes":""},"class_list":["post-97","page","type-page","status-publish","hentry"],"_hostinger_reach_plugin_has_subscription_block":false,"_hostinger_reach_plugin_is_elementor":false,"_links":{"self":[{"href":"https:\/\/veronicagutierrez.com.mx\/en\/wp-json\/wp\/v2\/pages\/97","targetHints":{"allow":["GET"]}}],"collection":[{"href":"https:\/\/veronicagutierrez.com.mx\/en\/wp-json\/wp\/v2\/pages"}],"about":[{"href":"https:\/\/veronicagutierrez.com.mx\/en\/wp-json\/wp\/v2\/types\/page"}],"author":[{"embeddable":true,"href":"https:\/\/veronicagutierrez.com.mx\/en\/wp-json\/wp\/v2\/users\/1"}],"replies":[{"embeddable":true,"href":"https:\/\/veronicagutierrez.com.mx\/en\/wp-json\/wp\/v2\/comments?post=97"}],"version-history":[{"count":28,"href":"https:\/\/veronicagutierrez.com.mx\/en\/wp-json\/wp\/v2\/pages\/97\/revisions"}],"predecessor-version":[{"id":423,"href":"https:\/\/veronicagutierrez.com.mx\/en\/wp-json\/wp\/v2\/pages\/97\/revisions\/423"}],"wp:attachment":[{"href":"https:\/\/veronicagutierrez.com.mx\/en\/wp-json\/wp\/v2\/media?parent=97"}],"curies":[{"name":"wp","href":"https:\/\/api.w.org\/{rel}","templated":true}]}}