{"id":534,"date":"2026-04-07T19:05:14","date_gmt":"2026-04-07T17:05:14","guid":{"rendered":"https:\/\/veronicagutierrez.com.mx\/?post_type=product&#038;p=534"},"modified":"2026-04-07T19:06:52","modified_gmt":"2026-04-07T17:06:52","slug":"hydra-sebiaclear","status":"publish","type":"product","link":"https:\/\/veronicagutierrez.com.mx\/en\/product\/hydra-sebiaclear\/","title":{"rendered":"Hydra SEBIACLEAR"},"content":{"rendered":"<div class=\"block\">\n<div class=\"mt-3\">\n<div class=\"hidden lg:block\">\n<div class=\"prose-responsive prose-prevent-my text-big text-alternative-base lg:text-[18px]\">\n<div class=\"block\">\n<div class=\"mt-3\">\n<div class=\"hidden lg:block\">\n<div class=\"prose-responsive prose-prevent-my text-big text-alternative-base lg:text-[18px]\">Crema hidratante con sensaci\u00f3n reconfortante para pieles secas o con imperfecciones. Sebiaclear Hydra ayuda a disminuir la sensaci\u00f3n de sequedad cut\u00e1nea y act\u00faa sobre las imperfecciones. \ud83d\udc9a<\/div>\n<\/div>\n<\/div>\n<\/div>\n<div class=\"block\">\n<div class=\"h-3 lg:h-5\"><\/div>\n<\/div>\n<\/div>\n<\/div>\n<\/div>\n<\/div>\n<div class=\"block\">\n<div class=\"h-3 lg:h-5\"><\/div>\n<\/div>\n","protected":false},"excerpt":{"rendered":"<div class=\"block\">\n<div class=\"mt-3\">\n<div class=\"hidden lg:block\">\n<div class=\"prose-responsive prose-prevent-my text-big text-alternative-base lg:text-[18px]\">Crema hidratante con sensaci\u00f3n reconfortante para pieles secas o con imperfecciones. Sebiaclear Hydra ayuda a disminuir la sensaci\u00f3n de sequedad cut\u00e1nea y act\u00faa sobre las imperfecciones. \ud83d\udc9a<\/div>\n<\/div>\n<\/div>\n<\/div>\n<div class=\"block\">\n<div class=\"h-3 lg:h-5\"><\/div>\n<\/div>\n","protected":false},"featured_media":531,"comment_status":"open","ping_status":"closed","template":"","meta":[],"product_brand":[],"product_cat":[15],"product_tag":[],"class_list":{"0":"post-534","1":"product","2":"type-product","3":"status-publish","4":"has-post-thumbnail","6":"product_cat-sin-categorizar","8":"first","9":"instock","10":"shipping-taxable","11":"purchasable","12":"product-type-simple"},"_links":{"self":[{"href":"https:\/\/veronicagutierrez.com.mx\/en\/wp-json\/wp\/v2\/product\/534","targetHints":{"allow":["GET"]}}],"collection":[{"href":"https:\/\/veronicagutierrez.com.mx\/en\/wp-json\/wp\/v2\/product"}],"about":[{"href":"https:\/\/veronicagutierrez.com.mx\/en\/wp-json\/wp\/v2\/types\/product"}],"replies":[{"embeddable":true,"href":"https:\/\/veronicagutierrez.com.mx\/en\/wp-json\/wp\/v2\/comments?post=534"}],"wp:featuredmedia":[{"embeddable":true,"href":"https:\/\/veronicagutierrez.com.mx\/en\/wp-json\/wp\/v2\/media\/531"}],"wp:attachment":[{"href":"https:\/\/veronicagutierrez.com.mx\/en\/wp-json\/wp\/v2\/media?parent=534"}],"wp:term":[{"taxonomy":"product_brand","embeddable":true,"href":"https:\/\/veronicagutierrez.com.mx\/en\/wp-json\/wp\/v2\/product_brand?post=534"},{"taxonomy":"product_cat","embeddable":true,"href":"https:\/\/veronicagutierrez.com.mx\/en\/wp-json\/wp\/v2\/product_cat?post=534"},{"taxonomy":"product_tag","embeddable":true,"href":"https:\/\/veronicagutierrez.com.mx\/en\/wp-json\/wp\/v2\/product_tag?post=534"}],"curies":[{"name":"wp","href":"https:\/\/api.w.org\/{rel}","templated":true}]}}